{"id":119,"date":"2022-06-15T09:53:58","date_gmt":"2022-06-15T09:53:58","guid":{"rendered":"http:\/\/thronhof.de\/special-offers\/"},"modified":"2022-06-30T16:50:28","modified_gmt":"2022-06-30T16:50:28","slug":"partner-produkte","status":"publish","type":"page","link":"https:\/\/thronhof.de\/home\/partner-produkte\/","title":{"rendered":"Partner &#038; Produkte"},"content":{"rendered":"\t\t<div data-elementor-type=\"wp-page\" data-elementor-id=\"119\" class=\"elementor elementor-119\">\n\t\t\t\t\t\t<section class=\"elementor-section elementor-top-section elementor-element elementor-element-5f05b5eb elementor-section-height-min-height elementor-section-full_width elementor-section-items-stretch elementor-section-content-middle elementor-section-height-default\" data-id=\"5f05b5eb\" data-element_type=\"section\" data-e-type=\"section\" data-settings=\"{&quot;background_background&quot;:&quot;classic&quot;}\">\n\t\t\t\t\t\t\t<div class=\"elementor-background-overlay\"><\/div>\n\t\t\t\t\t\t\t<div class=\"elementor-container elementor-column-gap-default\">\n\t\t\t\t\t<div class=\"elementor-column elementor-col-100 elementor-top-column elementor-element elementor-element-2880b8f2\" data-id=\"2880b8f2\" data-element_type=\"column\" data-e-type=\"column\">\n\t\t\t<div class=\"elementor-widget-wrap elementor-element-populated\">\n\t\t\t\t\t\t<div class=\"elementor-element elementor-element-de347f6 elementor-widget elementor-widget-heading\" data-id=\"de347f6\" data-element_type=\"widget\" data-e-type=\"widget\" data-widget_type=\"heading.default\">\n\t\t\t\t<div class=\"elementor-widget-container\">\n\t\t\t\t\t<h1 class=\"elementor-heading-title elementor-size-default\">Partner &amp; Produkte<\/h1>\t\t\t\t<\/div>\n\t\t\t\t<\/div>\n\t\t\t\t<div class=\"elementor-element elementor-element-2a250c9e elementor-widget elementor-widget-heading\" data-id=\"2a250c9e\" data-element_type=\"widget\" data-e-type=\"widget\" data-widget_type=\"heading.default\">\n\t\t\t\t<div class=\"elementor-widget-container\">\n\t\t\t\t\t<h4 class=\"elementor-heading-title elementor-size-default\">Produktqualt\u00e4t und Verantwortung<\/h4>\t\t\t\t<\/div>\n\t\t\t\t<\/div>\n\t\t\t\t\t<\/div>\n\t\t<\/div>\n\t\t\t\t\t<\/div>\n\t\t<\/section>\n\t\t\t\t<section class=\"elementor-section elementor-top-section elementor-element elementor-element-3cd2fc78 elementor-section-full_width elementor-section-height-min-height elementor-section-items-stretch elementor-section-height-default\" data-id=\"3cd2fc78\" data-element_type=\"section\" data-e-type=\"section\" id=\"signature_package\">\n\t\t\t\t\t\t<div class=\"elementor-container elementor-column-gap-no\">\n\t\t\t\t\t<div class=\"elementor-column elementor-col-33 elementor-top-column elementor-element elementor-element-788344fa\" data-id=\"788344fa\" data-element_type=\"column\" data-e-type=\"column\">\n\t\t\t<div class=\"elementor-widget-wrap elementor-element-populated\">\n\t\t\t\t\t\t<div class=\"elementor-element elementor-element-73c0650e elementor-widget-mobile__width-inherit elementor-widget elementor-widget-heading\" data-id=\"73c0650e\" data-element_type=\"widget\" data-e-type=\"widget\" data-widget_type=\"heading.default\">\n\t\t\t\t<div class=\"elementor-widget-container\">\n\t\t\t\t\t<h2 class=\"elementor-heading-title elementor-size-default\">Partner<\/h2>\t\t\t\t<\/div>\n\t\t\t\t<\/div>\n\t\t\t\t<section class=\"elementor-section elementor-inner-section elementor-element elementor-element-32eed0c2 elementor-section-full_width elementor-section-height-default elementor-section-height-default\" data-id=\"32eed0c2\" data-element_type=\"section\" data-e-type=\"section\">\n\t\t\t\t\t\t<div class=\"elementor-container elementor-column-gap-no\">\n\t\t\t\t\t<div class=\"elementor-column elementor-col-100 elementor-inner-column elementor-element elementor-element-7cf04935\" data-id=\"7cf04935\" data-element_type=\"column\" data-e-type=\"column\">\n\t\t\t<div class=\"elementor-widget-wrap elementor-element-populated\">\n\t\t\t\t\t\t<div class=\"elementor-element elementor-element-78f40cd1 elementor-widget elementor-widget-text-editor\" data-id=\"78f40cd1\" data-element_type=\"widget\" data-e-type=\"widget\" data-widget_type=\"text-editor.default\">\n\t\t\t\t<div class=\"elementor-widget-container\">\n\t\t\t\t\t\t\t\t\t<p>Zur Vermarktung unsres Biokalbfleisches haben wir die mehrfach ausgezeichnete\u00a0<a href=\"http:\/\/www.metzgerei-strobel.de\" target=\"_blank\" rel=\"noopener\">Landmetzgerei Strobel<\/a>\u00a0als Partner gewonnen.<\/p><p>Wie auch uns, geht es diesem Traditionsbetrieb, neben der Herstellung hochwertiger Produkte, auch um das Tierwohl und die artgerechte Haltung dahinter. In die Produktion gelangen nur Tiere, welche direkt von heimischen Bauern, mit den entsprechenden Bedingungshaltungen kommen.<\/p><p>Wir freuen uns, mit unserem Biokalbfleisch, das Sortiment bereichern zu k\u00f6nnen.<\/p>\t\t\t\t\t\t\t\t<\/div>\n\t\t\t\t<\/div>\n\t\t\t\t<div class=\"elementor-element elementor-element-16b8e40e elementor-widget elementor-widget-button\" data-id=\"16b8e40e\" data-element_type=\"widget\" data-e-type=\"widget\" data-widget_type=\"button.default\">\n\t\t\t\t<div class=\"elementor-widget-container\">\n\t\t\t\t\t\t\t\t\t<div class=\"elementor-button-wrapper\">\n\t\t\t\t\t<a class=\"elementor-button elementor-button-link elementor-size-sm\" href=\"https:\/\/www.metzgerei-strobel.de\/strohschweine-weidelandrind\/\" target=\"_blank\">\n\t\t\t\t\t\t<span class=\"elementor-button-content-wrapper\">\n\t\t\t\t\t\t\t\t\t<span class=\"elementor-button-text\">Mehr erfahren..<\/span>\n\t\t\t\t\t<\/span>\n\t\t\t\t\t<\/a>\n\t\t\t\t<\/div>\n\t\t\t\t\t\t\t\t<\/div>\n\t\t\t\t<\/div>\n\t\t\t\t\t<\/div>\n\t\t<\/div>\n\t\t\t\t\t<\/div>\n\t\t<\/section>\n\t\t\t\t\t<\/div>\n\t\t<\/div>\n\t\t\t\t<div class=\"elementor-column elementor-col-33 elementor-top-column elementor-element elementor-element-231592af\" data-id=\"231592af\" data-element_type=\"column\" data-e-type=\"column\" data-settings=\"{&quot;background_background&quot;:&quot;classic&quot;}\">\n\t\t\t<div class=\"elementor-widget-wrap elementor-element-populated\">\n\t\t\t\t\t\t<div class=\"elementor-element elementor-element-cd47d09 elementor-widget elementor-widget-spacer\" data-id=\"cd47d09\" data-element_type=\"widget\" data-e-type=\"widget\" data-widget_type=\"spacer.default\">\n\t\t\t\t<div class=\"elementor-widget-container\">\n\t\t\t\t\t\t\t<div class=\"elementor-spacer\">\n\t\t\t<div class=\"elementor-spacer-inner\"><\/div>\n\t\t<\/div>\n\t\t\t\t\t\t<\/div>\n\t\t\t\t<\/div>\n\t\t\t\t\t<\/div>\n\t\t<\/div>\n\t\t\t\t<div class=\"elementor-column elementor-col-33 elementor-top-column elementor-element elementor-element-6927c3f6\" data-id=\"6927c3f6\" data-element_type=\"column\" data-e-type=\"column\" data-settings=\"{&quot;background_background&quot;:&quot;classic&quot;}\">\n\t\t\t<div class=\"elementor-widget-wrap elementor-element-populated\">\n\t\t\t\t\t\t<div class=\"elementor-element elementor-element-dbb9895 elementor-widget elementor-widget-spacer\" data-id=\"dbb9895\" data-element_type=\"widget\" data-e-type=\"widget\" data-widget_type=\"spacer.default\">\n\t\t\t\t<div class=\"elementor-widget-container\">\n\t\t\t\t\t\t\t<div class=\"elementor-spacer\">\n\t\t\t<div class=\"elementor-spacer-inner\"><\/div>\n\t\t<\/div>\n\t\t\t\t\t\t<\/div>\n\t\t\t\t<\/div>\n\t\t\t\t\t<\/div>\n\t\t<\/div>\n\t\t\t\t\t<\/div>\n\t\t<\/section>\n\t\t\t\t<section class=\"elementor-section elementor-top-section elementor-element elementor-element-1ca79614 elementor-section-full_width elementor-section-height-min-height elementor-reverse-tablet elementor-reverse-mobile elementor-section-items-stretch elementor-section-height-default\" data-id=\"1ca79614\" data-element_type=\"section\" data-e-type=\"section\" id=\"family_package\">\n\t\t\t\t\t\t<div class=\"elementor-container elementor-column-gap-no\">\n\t\t\t\t\t<div class=\"elementor-column elementor-col-50 elementor-top-column elementor-element elementor-element-5eb44a31\" data-id=\"5eb44a31\" data-element_type=\"column\" data-e-type=\"column\" data-settings=\"{&quot;background_background&quot;:&quot;classic&quot;}\">\n\t\t\t<div class=\"elementor-widget-wrap\">\n\t\t\t\t\t\t\t<\/div>\n\t\t<\/div>\n\t\t\t\t<div class=\"elementor-column elementor-col-50 elementor-top-column elementor-element elementor-element-24f91d54\" data-id=\"24f91d54\" data-element_type=\"column\" data-e-type=\"column\">\n\t\t\t<div class=\"elementor-widget-wrap elementor-element-populated\">\n\t\t\t\t\t\t<div class=\"elementor-element elementor-element-32033038 elementor-widget elementor-widget-heading\" data-id=\"32033038\" data-element_type=\"widget\" data-e-type=\"widget\" data-widget_type=\"heading.default\">\n\t\t\t\t<div class=\"elementor-widget-container\">\n\t\t\t\t\t<h2 class=\"elementor-heading-title elementor-size-default\">Bruder &amp; Schwester  K\u00e4lber<\/h2>\t\t\t\t<\/div>\n\t\t\t\t<\/div>\n\t\t\t\t<section class=\"elementor-section elementor-inner-section elementor-element elementor-element-27a9825a elementor-section-full_width elementor-section-height-default elementor-section-height-default\" data-id=\"27a9825a\" data-element_type=\"section\" data-e-type=\"section\">\n\t\t\t\t\t\t<div class=\"elementor-container elementor-column-gap-no\">\n\t\t\t\t\t<div class=\"elementor-column elementor-col-100 elementor-inner-column elementor-element elementor-element-a7c1614\" data-id=\"a7c1614\" data-element_type=\"column\" data-e-type=\"column\">\n\t\t\t<div class=\"elementor-widget-wrap elementor-element-populated\">\n\t\t\t\t\t\t<div class=\"elementor-element elementor-element-707d3300 elementor-widget elementor-widget-text-editor\" data-id=\"707d3300\" data-element_type=\"widget\" data-e-type=\"widget\" data-widget_type=\"text-editor.default\">\n\t\t\t\t<div class=\"elementor-widget-container\">\n\t\t\t\t\t\t\t\t\t<p>Die Produktion hochwertiger Biomilch und allen daraus resultierenden Produkten ben\u00f6tigt nicht nur hochwertiges Futter, gr\u00fcne Wiesen und einen gro\u00dfz\u00fcgigen Laufstall, sondern auch das j\u00e4hrliche Kalben.<\/p>\n<p>So haben wir im Laufe eines Jahres von jeder unserer K\u00fche ein Kalb. Die m\u00e4nnlichen und weiblichen K\u00e4lbchen, welche nicht in die Zucht \u00fcbernommen werden k\u00f6nnen, nennen sich Bruder- und Schwesterk\u00e4lber.<\/p>\n<p>Alle K\u00e4lber aus unserem Bestand werden bis zu einem Alter von 4-5 Monaten artgerecht in Kuhgebundener-Haltung gro\u00dfgezogen, wobei sie soziale Interaktion, Luft, Sonne und weite Wiesen genie\u00dfen d\u00fcrfen.<\/p>\n<p>Ab dem Alter von 4 Monaten m\u00fcssen wir entscheiden, welche Tiere im Betrieb gehalten werden k\u00f6nnen und welche Tiere in die zur Vermarktung kommen.<\/p>\t\t\t\t\t\t\t\t<\/div>\n\t\t\t\t<\/div>\n\t\t\t\t\t<\/div>\n\t\t<\/div>\n\t\t\t\t\t<\/div>\n\t\t<\/section>\n\t\t\t\t\t<\/div>\n\t\t<\/div>\n\t\t\t\t\t<\/div>\n\t\t<\/section>\n\t\t\t\t<section class=\"elementor-section elementor-top-section elementor-element elementor-element-13c7705c elementor-section-full_width elementor-section-height-min-height elementor-section-items-stretch elementor-section-height-default\" data-id=\"13c7705c\" data-element_type=\"section\" data-e-type=\"section\">\n\t\t\t\t\t\t<div class=\"elementor-container elementor-column-gap-no\">\n\t\t\t\t\t<div class=\"elementor-column elementor-col-33 elementor-top-column elementor-element elementor-element-60c52f2b\" data-id=\"60c52f2b\" data-element_type=\"column\" data-e-type=\"column\">\n\t\t\t<div class=\"elementor-widget-wrap elementor-element-populated\">\n\t\t\t\t\t\t<div class=\"elementor-element elementor-element-705335f elementor-widget-mobile__width-inherit elementor-widget elementor-widget-heading\" data-id=\"705335f\" data-element_type=\"widget\" data-e-type=\"widget\" data-widget_type=\"heading.default\">\n\t\t\t\t<div class=\"elementor-widget-container\">\n\t\t\t\t\t<h2 class=\"elementor-heading-title elementor-size-default\">Verantwortung<\/h2>\t\t\t\t<\/div>\n\t\t\t\t<\/div>\n\t\t\t\t<section class=\"elementor-section elementor-inner-section elementor-element elementor-element-7299065c elementor-section-full_width elementor-section-height-default elementor-section-height-default\" data-id=\"7299065c\" data-element_type=\"section\" data-e-type=\"section\">\n\t\t\t\t\t\t<div class=\"elementor-container elementor-column-gap-no\">\n\t\t\t\t\t<div class=\"elementor-column elementor-col-100 elementor-inner-column elementor-element elementor-element-2b4a8997\" data-id=\"2b4a8997\" data-element_type=\"column\" data-e-type=\"column\">\n\t\t\t<div class=\"elementor-widget-wrap elementor-element-populated\">\n\t\t\t\t\t\t<div class=\"elementor-element elementor-element-35368cd1 elementor-widget elementor-widget-text-editor\" data-id=\"35368cd1\" data-element_type=\"widget\" data-e-type=\"widget\" data-widget_type=\"text-editor.default\">\n\t\t\t\t<div class=\"elementor-widget-container\">\n\t\t\t\t\t\t\t\t\t<p>Auch Biok\u00e4lber werden in der Regel in einen konvetionellen Mastbetrieb \u00fcbergeben, da es bisher nur wenige Bio-Mastbetriebe gibt.\u00a0 Leider hat man dann aber auch nicht mehr die Handhabe \u00fcber die Haltungsform, F\u00fctterung, Transportwege etc.<\/p><p>Wir wollen diese Verantwortung nicht aus der Hand geben, deshalb haben wir uns bewusst f\u00fcr die regionale Vermarktung von Bio-Kalbfleisch entschieden. Bevor wir ein Kalb weitergeben, hat es ein unbeschwertes Leben in den bestm\u00f6glichsten Bedingungen gehabt, die wir ihnen bieten konnten und ein Gewicht von ca. 200 kg. Mit wachsendem Gewicht steigt der Bedarf der Tiere, nicht nur an Futtermitteln, sondern auch an Lebensraum. Ein ausgewachsenes Rind mit ca. 900 kg, hat also den bis zu 3-fachen Bedarf.<br \/>Um f\u00fcr alle unsere Tiere die guten und auch kostenintensiveren Haltungsbedingungen auf Dauer zu gew\u00e4hrleisten, ist es auch aus wirtschaftlichen Gr\u00fcnden notwendig, den richtigen Zeitpunkt zu finden die Tiere in die Fleischproduktion zu \u00fcbergeben.<\/p><p>Wir freuen uns, wenn Sie durch den Kauf unseres Bio-Fleisches die Ideologie von artgerechter Haltung und Verantwortung gegen\u00fcber dem Tier unterst\u00fctzen m\u00f6chten.<\/p><p>\u00a0Unsere Produkte finden Sie in der <a href=\"https:\/\/www.metzgerei-strobel.de\/ueber-uns\/\" target=\"_blank\" rel=\"noopener\">Landmetzgerei Strobel<\/a> direkt, oder im Onlineshop der Metzgerei.<\/p>\t\t\t\t\t\t\t\t<\/div>\n\t\t\t\t<\/div>\n\t\t\t\t<div class=\"elementor-element elementor-element-629b3bc7 elementor-widget elementor-widget-button\" data-id=\"629b3bc7\" data-element_type=\"widget\" data-e-type=\"widget\" data-widget_type=\"button.default\">\n\t\t\t\t<div class=\"elementor-widget-container\">\n\t\t\t\t\t\t\t\t\t<div class=\"elementor-button-wrapper\">\n\t\t\t\t\t<a class=\"elementor-button elementor-button-link elementor-size-sm\" href=\"https:\/\/www.metzgerei-strobel.de\/shop\/\" target=\"_blank\">\n\t\t\t\t\t\t<span class=\"elementor-button-content-wrapper\">\n\t\t\t\t\t\t\t\t\t<span class=\"elementor-button-text\">Online Shop<\/span>\n\t\t\t\t\t<\/span>\n\t\t\t\t\t<\/a>\n\t\t\t\t<\/div>\n\t\t\t\t\t\t\t\t<\/div>\n\t\t\t\t<\/div>\n\t\t\t\t\t<\/div>\n\t\t<\/div>\n\t\t\t\t\t<\/div>\n\t\t<\/section>\n\t\t\t\t\t<\/div>\n\t\t<\/div>\n\t\t\t\t<div class=\"elementor-column elementor-col-33 elementor-top-column elementor-element elementor-element-3f954cde\" data-id=\"3f954cde\" data-element_type=\"column\" data-e-type=\"column\" data-settings=\"{&quot;background_background&quot;:&quot;classic&quot;}\">\n\t\t\t<div class=\"elementor-widget-wrap elementor-element-populated\">\n\t\t\t\t\t\t<div class=\"elementor-element elementor-element-33f5148f elementor-widget elementor-widget-spacer\" data-id=\"33f5148f\" data-element_type=\"widget\" data-e-type=\"widget\" data-widget_type=\"spacer.default\">\n\t\t\t\t<div class=\"elementor-widget-container\">\n\t\t\t\t\t\t\t<div class=\"elementor-spacer\">\n\t\t\t<div class=\"elementor-spacer-inner\"><\/div>\n\t\t<\/div>\n\t\t\t\t\t\t<\/div>\n\t\t\t\t<\/div>\n\t\t\t\t\t<\/div>\n\t\t<\/div>\n\t\t\t\t<div class=\"elementor-column elementor-col-33 elementor-top-column elementor-element elementor-element-22a155df\" data-id=\"22a155df\" data-element_type=\"column\" data-e-type=\"column\" data-settings=\"{&quot;background_background&quot;:&quot;classic&quot;}\">\n\t\t\t<div class=\"elementor-widget-wrap elementor-element-populated\">\n\t\t\t\t\t\t<div class=\"elementor-element elementor-element-4beddf1c elementor-widget elementor-widget-spacer\" data-id=\"4beddf1c\" data-element_type=\"widget\" data-e-type=\"widget\" data-widget_type=\"spacer.default\">\n\t\t\t\t<div class=\"elementor-widget-container\">\n\t\t\t\t\t\t\t<div class=\"elementor-spacer\">\n\t\t\t<div class=\"elementor-spacer-inner\"><\/div>\n\t\t<\/div>\n\t\t\t\t\t\t<\/div>\n\t\t\t\t<\/div>\n\t\t\t\t\t<\/div>\n\t\t<\/div>\n\t\t\t\t\t<\/div>\n\t\t<\/section>\n\t\t\t\t<\/div>\n\t\t","protected":false},"excerpt":{"rendered":"<p>Partner &amp; Produkte Produktqualt\u00e4t und Verantwortung Partner Zur Vermarktung unsres Biokalbfleisches haben wir die mehrfach ausgezeichnete\u00a0Landmetzgerei Strobel\u00a0als Partner gewonnen. Wie auch uns, geht es diesem Traditionsbetrieb, neben der Herstellung hochwertiger Produkte, auch um das Tierwohl und die artgerechte Haltung dahinter. In die Produktion gelangen nur Tiere, welche direkt von heimischen Bauern, mit den entsprechenden Bedingungshaltungen [&hellip;]<\/p>\n","protected":false},"author":1,"featured_media":0,"parent":0,"menu_order":0,"comment_status":"closed","ping_status":"closed","template":"elementor_header_footer","meta":{"footnotes":""},"class_list":["post-119","page","type-page","status-publish","hentry"],"yoast_head":"<!-- This site is optimized with the Yoast SEO plugin v27.5 - https:\/\/yoast.com\/product\/yoast-seo-wordpress\/ -->\n<title>Partner &amp; Produkte - Biolandwirtschaft Thronhof<\/title>\n<meta name=\"robots\" content=\"index, follow, max-snippet:-1, max-image-preview:large, max-video-preview:-1\" \/>\n<link rel=\"canonical\" href=\"https:\/\/thronhof.de\/home\/partner-produkte\/\" \/>\n<meta property=\"og:locale\" content=\"de_DE\" \/>\n<meta property=\"og:type\" content=\"article\" \/>\n<meta property=\"og:title\" content=\"Partner &amp; Produkte - Biolandwirtschaft Thronhof\" \/>\n<meta property=\"og:description\" content=\"Partner &amp; Produkte Produktqualt\u00e4t und Verantwortung Partner Zur Vermarktung unsres Biokalbfleisches haben wir die mehrfach ausgezeichnete\u00a0Landmetzgerei Strobel\u00a0als Partner gewonnen. Wie auch uns, geht es diesem Traditionsbetrieb, neben der Herstellung hochwertiger Produkte, auch um das Tierwohl und die artgerechte Haltung dahinter. In die Produktion gelangen nur Tiere, welche direkt von heimischen Bauern, mit den entsprechenden Bedingungshaltungen [&hellip;]\" \/>\n<meta property=\"og:url\" content=\"https:\/\/thronhof.de\/home\/partner-produkte\/\" \/>\n<meta property=\"og:site_name\" content=\"Biolandwirtschaft Thronhof\" \/>\n<meta property=\"article:modified_time\" content=\"2022-06-30T16:50:28+00:00\" \/>\n<meta name=\"twitter:card\" content=\"summary_large_image\" \/>\n<meta name=\"twitter:label1\" content=\"Gesch\u00e4tzte Lesezeit\" \/>\n\t<meta name=\"twitter:data1\" content=\"3\u00a0Minuten\" \/>\n<script type=\"application\/ld+json\" class=\"yoast-schema-graph\">{\"@context\":\"https:\\\/\\\/schema.org\",\"@graph\":[{\"@type\":\"WebPage\",\"@id\":\"https:\\\/\\\/thronhof.de\\\/home\\\/partner-produkte\\\/\",\"url\":\"https:\\\/\\\/thronhof.de\\\/home\\\/partner-produkte\\\/\",\"name\":\"Partner & Produkte - Biolandwirtschaft Thronhof\",\"isPartOf\":{\"@id\":\"https:\\\/\\\/thronhof.de\\\/home\\\/#website\"},\"datePublished\":\"2022-06-15T09:53:58+00:00\",\"dateModified\":\"2022-06-30T16:50:28+00:00\",\"breadcrumb\":{\"@id\":\"https:\\\/\\\/thronhof.de\\\/home\\\/partner-produkte\\\/#breadcrumb\"},\"inLanguage\":\"de\",\"potentialAction\":[{\"@type\":\"ReadAction\",\"target\":[\"https:\\\/\\\/thronhof.de\\\/home\\\/partner-produkte\\\/\"]}]},{\"@type\":\"BreadcrumbList\",\"@id\":\"https:\\\/\\\/thronhof.de\\\/home\\\/partner-produkte\\\/#breadcrumb\",\"itemListElement\":[{\"@type\":\"ListItem\",\"position\":1,\"name\":\"Startseite\",\"item\":\"https:\\\/\\\/thronhof.de\\\/home\\\/\"},{\"@type\":\"ListItem\",\"position\":2,\"name\":\"Partner &#038; Produkte\"}]},{\"@type\":\"WebSite\",\"@id\":\"https:\\\/\\\/thronhof.de\\\/home\\\/#website\",\"url\":\"https:\\\/\\\/thronhof.de\\\/home\\\/\",\"name\":\"Biolandwirtschaft Thronhof\",\"description\":\"Bio und artgerecht aus \u00dcberzeugung\",\"publisher\":{\"@id\":\"https:\\\/\\\/thronhof.de\\\/home\\\/#organization\"},\"potentialAction\":[{\"@type\":\"SearchAction\",\"target\":{\"@type\":\"EntryPoint\",\"urlTemplate\":\"https:\\\/\\\/thronhof.de\\\/home\\\/?s={search_term_string}\"},\"query-input\":{\"@type\":\"PropertyValueSpecification\",\"valueRequired\":true,\"valueName\":\"search_term_string\"}}],\"inLanguage\":\"de\"},{\"@type\":\"Organization\",\"@id\":\"https:\\\/\\\/thronhof.de\\\/home\\\/#organization\",\"name\":\"Thronhof - Biolandwirtschaft\",\"url\":\"https:\\\/\\\/thronhof.de\\\/home\\\/\",\"logo\":{\"@type\":\"ImageObject\",\"inLanguage\":\"de\",\"@id\":\"https:\\\/\\\/thronhof.de\\\/home\\\/#\\\/schema\\\/logo\\\/image\\\/\",\"url\":\"http:\\\/\\\/thronhof.de\\\/wp-content\\\/uploads\\\/2022\\\/06\\\/cropped-logo-kontur.png\",\"contentUrl\":\"http:\\\/\\\/thronhof.de\\\/wp-content\\\/uploads\\\/2022\\\/06\\\/cropped-logo-kontur.png\",\"width\":463,\"height\":366,\"caption\":\"Thronhof - Biolandwirtschaft\"},\"image\":{\"@id\":\"https:\\\/\\\/thronhof.de\\\/home\\\/#\\\/schema\\\/logo\\\/image\\\/\"}}]}<\/script>\n<!-- \/ Yoast SEO plugin. -->","yoast_head_json":{"title":"Partner & Produkte - Biolandwirtschaft Thronhof","robots":{"index":"index","follow":"follow","max-snippet":"max-snippet:-1","max-image-preview":"max-image-preview:large","max-video-preview":"max-video-preview:-1"},"canonical":"https:\/\/thronhof.de\/home\/partner-produkte\/","og_locale":"de_DE","og_type":"article","og_title":"Partner & Produkte - Biolandwirtschaft Thronhof","og_description":"Partner &amp; Produkte Produktqualt\u00e4t und Verantwortung Partner Zur Vermarktung unsres Biokalbfleisches haben wir die mehrfach ausgezeichnete\u00a0Landmetzgerei Strobel\u00a0als Partner gewonnen. Wie auch uns, geht es diesem Traditionsbetrieb, neben der Herstellung hochwertiger Produkte, auch um das Tierwohl und die artgerechte Haltung dahinter. In die Produktion gelangen nur Tiere, welche direkt von heimischen Bauern, mit den entsprechenden Bedingungshaltungen [&hellip;]","og_url":"https:\/\/thronhof.de\/home\/partner-produkte\/","og_site_name":"Biolandwirtschaft Thronhof","article_modified_time":"2022-06-30T16:50:28+00:00","twitter_card":"summary_large_image","twitter_misc":{"Gesch\u00e4tzte Lesezeit":"3\u00a0Minuten"},"schema":{"@context":"https:\/\/schema.org","@graph":[{"@type":"WebPage","@id":"https:\/\/thronhof.de\/home\/partner-produkte\/","url":"https:\/\/thronhof.de\/home\/partner-produkte\/","name":"Partner & Produkte - Biolandwirtschaft Thronhof","isPartOf":{"@id":"https:\/\/thronhof.de\/home\/#website"},"datePublished":"2022-06-15T09:53:58+00:00","dateModified":"2022-06-30T16:50:28+00:00","breadcrumb":{"@id":"https:\/\/thronhof.de\/home\/partner-produkte\/#breadcrumb"},"inLanguage":"de","potentialAction":[{"@type":"ReadAction","target":["https:\/\/thronhof.de\/home\/partner-produkte\/"]}]},{"@type":"BreadcrumbList","@id":"https:\/\/thronhof.de\/home\/partner-produkte\/#breadcrumb","itemListElement":[{"@type":"ListItem","position":1,"name":"Startseite","item":"https:\/\/thronhof.de\/home\/"},{"@type":"ListItem","position":2,"name":"Partner &#038; Produkte"}]},{"@type":"WebSite","@id":"https:\/\/thronhof.de\/home\/#website","url":"https:\/\/thronhof.de\/home\/","name":"Biolandwirtschaft Thronhof","description":"Bio und artgerecht aus \u00dcberzeugung","publisher":{"@id":"https:\/\/thronhof.de\/home\/#organization"},"potentialAction":[{"@type":"SearchAction","target":{"@type":"EntryPoint","urlTemplate":"https:\/\/thronhof.de\/home\/?s={search_term_string}"},"query-input":{"@type":"PropertyValueSpecification","valueRequired":true,"valueName":"search_term_string"}}],"inLanguage":"de"},{"@type":"Organization","@id":"https:\/\/thronhof.de\/home\/#organization","name":"Thronhof - Biolandwirtschaft","url":"https:\/\/thronhof.de\/home\/","logo":{"@type":"ImageObject","inLanguage":"de","@id":"https:\/\/thronhof.de\/home\/#\/schema\/logo\/image\/","url":"http:\/\/thronhof.de\/wp-content\/uploads\/2022\/06\/cropped-logo-kontur.png","contentUrl":"http:\/\/thronhof.de\/wp-content\/uploads\/2022\/06\/cropped-logo-kontur.png","width":463,"height":366,"caption":"Thronhof - Biolandwirtschaft"},"image":{"@id":"https:\/\/thronhof.de\/home\/#\/schema\/logo\/image\/"}}]}},"_links":{"self":[{"href":"https:\/\/thronhof.de\/home\/wp-json\/wp\/v2\/pages\/119","targetHints":{"allow":["GET"]}}],"collection":[{"href":"https:\/\/thronhof.de\/home\/wp-json\/wp\/v2\/pages"}],"about":[{"href":"https:\/\/thronhof.de\/home\/wp-json\/wp\/v2\/types\/page"}],"author":[{"embeddable":true,"href":"https:\/\/thronhof.de\/home\/wp-json\/wp\/v2\/users\/1"}],"replies":[{"embeddable":true,"href":"https:\/\/thronhof.de\/home\/wp-json\/wp\/v2\/comments?post=119"}],"version-history":[{"count":70,"href":"https:\/\/thronhof.de\/home\/wp-json\/wp\/v2\/pages\/119\/revisions"}],"predecessor-version":[{"id":879,"href":"https:\/\/thronhof.de\/home\/wp-json\/wp\/v2\/pages\/119\/revisions\/879"}],"wp:attachment":[{"href":"https:\/\/thronhof.de\/home\/wp-json\/wp\/v2\/media?parent=119"}],"curies":[{"name":"wp","href":"https:\/\/api.w.org\/{rel}","templated":true}]}}