{"id":110,"date":"2022-06-15T09:53:54","date_gmt":"2022-06-15T09:53:54","guid":{"rendered":"http:\/\/thronhof.de\/restaurant-bar\/"},"modified":"2022-07-07T09:01:58","modified_gmt":"2022-07-07T09:01:58","slug":"philosophie","status":"publish","type":"page","link":"https:\/\/thronhof.de\/home\/philosophie\/","title":{"rendered":"Geschichte &#038; Philosophie"},"content":{"rendered":"\t\t<div data-elementor-type=\"wp-page\" data-elementor-id=\"110\" class=\"elementor elementor-110\">\n\t\t\t\t\t\t<section class=\"elementor-section elementor-top-section elementor-element elementor-element-42062eda elementor-section-height-min-height elementor-section-full_width elementor-section-items-stretch elementor-section-content-middle elementor-section-height-default\" data-id=\"42062eda\" data-element_type=\"section\" data-e-type=\"section\" data-settings=\"{&quot;background_background&quot;:&quot;classic&quot;}\">\n\t\t\t\t\t\t<div class=\"elementor-container elementor-column-gap-default\">\n\t\t\t\t\t<div class=\"elementor-column elementor-col-100 elementor-top-column elementor-element elementor-element-11efcb9d\" data-id=\"11efcb9d\" data-element_type=\"column\" data-e-type=\"column\">\n\t\t\t<div class=\"elementor-widget-wrap elementor-element-populated\">\n\t\t\t\t\t\t<div class=\"elementor-element elementor-element-5efae234 elementor-widget elementor-widget-heading\" data-id=\"5efae234\" data-element_type=\"widget\" data-e-type=\"widget\" data-widget_type=\"heading.default\">\n\t\t\t\t<div class=\"elementor-widget-container\">\n\t\t\t\t\t<h1 class=\"elementor-heading-title elementor-size-default\">Der Thronhof<\/h1>\t\t\t\t<\/div>\n\t\t\t\t<\/div>\n\t\t\t\t<div class=\"elementor-element elementor-element-6618dd10 elementor-widget elementor-widget-heading\" data-id=\"6618dd10\" data-element_type=\"widget\" data-e-type=\"widget\" data-widget_type=\"heading.default\">\n\t\t\t\t<div class=\"elementor-widget-container\">\n\t\t\t\t\t<h4 class=\"elementor-heading-title elementor-size-default\">Unsere Geschichte und Philosophie<\/h4>\t\t\t\t<\/div>\n\t\t\t\t<\/div>\n\t\t\t\t\t<\/div>\n\t\t<\/div>\n\t\t\t\t\t<\/div>\n\t\t<\/section>\n\t\t\t\t<section class=\"elementor-section elementor-top-section elementor-element elementor-element-11ab8997 elementor-section-height-min-height elementor-section-boxed elementor-section-height-default elementor-section-items-middle\" data-id=\"11ab8997\" data-element_type=\"section\" data-e-type=\"section\" data-settings=\"{&quot;background_background&quot;:&quot;classic&quot;,&quot;background_motion_fx_motion_fx_scrolling&quot;:&quot;yes&quot;,&quot;background_motion_fx_opacity_effect&quot;:&quot;yes&quot;,&quot;background_motion_fx_opacity_range&quot;:{&quot;unit&quot;:&quot;%&quot;,&quot;size&quot;:&quot;&quot;,&quot;sizes&quot;:{&quot;start&quot;:&quot;30&quot;,&quot;end&quot;:&quot;50&quot;}},&quot;background_motion_fx_scale_effect&quot;:&quot;yes&quot;,&quot;background_motion_fx_scale_direction&quot;:&quot;in-out-in&quot;,&quot;background_motion_fx_scale_speed&quot;:{&quot;unit&quot;:&quot;px&quot;,&quot;size&quot;:&quot;1&quot;,&quot;sizes&quot;:[]},&quot;background_motion_fx_scale_range&quot;:{&quot;unit&quot;:&quot;%&quot;,&quot;size&quot;:&quot;&quot;,&quot;sizes&quot;:{&quot;start&quot;:&quot;75&quot;,&quot;end&quot;:&quot;100&quot;}},&quot;background_motion_fx_opacity_direction&quot;:&quot;out-in&quot;,&quot;background_motion_fx_opacity_level&quot;:{&quot;unit&quot;:&quot;px&quot;,&quot;size&quot;:10,&quot;sizes&quot;:[]},&quot;background_motion_fx_devices&quot;:[&quot;desktop&quot;,&quot;tablet&quot;,&quot;mobile&quot;]}\">\n\t\t\t\t\t\t<div class=\"elementor-container elementor-column-gap-default\">\n\t\t\t\t\t<div class=\"elementor-column elementor-col-100 elementor-top-column elementor-element elementor-element-10ed7c56\" data-id=\"10ed7c56\" data-element_type=\"column\" data-e-type=\"column\">\n\t\t\t<div class=\"elementor-widget-wrap elementor-element-populated\">\n\t\t\t\t\t\t<div class=\"elementor-element elementor-element-3df88562 elementor-invisible elementor-widget elementor-widget-heading\" data-id=\"3df88562\" data-element_type=\"widget\" data-e-type=\"widget\" data-settings=\"{&quot;_animation&quot;:&quot;slideInRight&quot;}\" data-widget_type=\"heading.default\">\n\t\t\t\t<div class=\"elementor-widget-container\">\n\t\t\t\t\t<h2 class=\"elementor-heading-title elementor-size-default\">Pioniere<\/h2>\t\t\t\t<\/div>\n\t\t\t\t<\/div>\n\t\t\t\t<div class=\"elementor-element elementor-element-355dd9ef elementor-widget elementor-widget-text-editor\" data-id=\"355dd9ef\" data-element_type=\"widget\" data-e-type=\"widget\" data-widget_type=\"text-editor.default\">\n\t\t\t\t<div class=\"elementor-widget-container\">\n\t\t\t\t\t\t\t\t\t<p>Ende der 60ziger\/ Anfang der 70ziger Jahre des letzten Jahrhunderts, war es noch ungew\u00f6hnlich auf \u00d6kolandbau zu setzten, zumal erst ab den 60zigern Jahren Minerald\u00fcnger und Pflanzenschutzmittel aufkamen und daher als Hilfsmittel f\u00fcr die moderne Landwirtschaft galten.<\/p><p>Biolandwirtschaft war damals etwas f\u00fcr Pioniere, denn es gab weder Empfehlungen, noch wissenschaftliche Erkenntnisse, auf die man sich st\u00fctzen konnte. <br \/>Dennoch beschoss Herbert Vogel, der Anfang der 60ziger, in einem Alter von 16 Jahren den Hof seiner Eltern \u00fcbernahm, den Hof ab 1970 auf Bio um zu stellen.<\/p><p>Nicht alles was seinerzeit ausprobiert wurde, war von Erfolg gekr\u00f6nt, aber es war ein stetiger Lernprozess dem Herbert Vogel unbeirrt folgte, auch wenn Bioanbau damals noch bel\u00e4chelt wurde.<\/p><p>Bis heute stehen wir hinter dieser Entscheidung und werden sicher auch in Zukunft immer mal feststellen, dass nicht alles erfolgreich sein wird.<br \/>Dennoch gehen wir diesen Weg aus \u00dcberzeugung weiter, lernen, und sind gespannt wohin er uns f\u00fchrt.Herbert<\/p>\t\t\t\t\t\t\t\t<\/div>\n\t\t\t\t<\/div>\n\t\t\t\t\t<\/div>\n\t\t<\/div>\n\t\t\t\t\t<\/div>\n\t\t<\/section>\n\t\t\t\t<section class=\"elementor-section elementor-top-section elementor-element elementor-element-84703d5 elementor-section-boxed elementor-section-height-default elementor-section-height-default\" data-id=\"84703d5\" data-element_type=\"section\" data-e-type=\"section\">\n\t\t\t\t\t\t<div class=\"elementor-container elementor-column-gap-default\">\n\t\t\t\t\t<div class=\"elementor-column elementor-col-100 elementor-top-column elementor-element elementor-element-7fd7f2b\" data-id=\"7fd7f2b\" data-element_type=\"column\" data-e-type=\"column\">\n\t\t\t<div class=\"elementor-widget-wrap elementor-element-populated\">\n\t\t\t\t\t\t<div class=\"elementor-element elementor-element-3c134fb elementor-skin-carousel elementor-arrows-yes elementor-pagination-type-bullets elementor-pagination-position-outside elementor-widget elementor-widget-media-carousel\" data-id=\"3c134fb\" data-element_type=\"widget\" data-e-type=\"widget\" data-settings=\"{&quot;slides_per_view&quot;:&quot;4&quot;,&quot;speed&quot;:0,&quot;skin&quot;:&quot;carousel&quot;,&quot;effect&quot;:&quot;slide&quot;,&quot;show_arrows&quot;:&quot;yes&quot;,&quot;pagination&quot;:&quot;bullets&quot;,&quot;autoplay&quot;:&quot;yes&quot;,&quot;autoplay_speed&quot;:5000,&quot;loop&quot;:&quot;yes&quot;,&quot;pause_on_hover&quot;:&quot;yes&quot;,&quot;pause_on_interaction&quot;:&quot;yes&quot;,&quot;space_between&quot;:{&quot;unit&quot;:&quot;px&quot;,&quot;size&quot;:10,&quot;sizes&quot;:[]},&quot;space_between_tablet&quot;:{&quot;unit&quot;:&quot;px&quot;,&quot;size&quot;:10,&quot;sizes&quot;:[]},&quot;space_between_mobile&quot;:{&quot;unit&quot;:&quot;px&quot;,&quot;size&quot;:10,&quot;sizes&quot;:[]}}\" data-widget_type=\"media-carousel.default\">\n\t\t\t\t<div class=\"elementor-widget-container\">\n\t\t\t\t\t\t\t<div class=\"elementor-swiper\">\n\t\t\t<div class=\"elementor-main-swiper swiper-container\">\n\t\t\t\t<div class=\"swiper-wrapper\">\n\t\t\t\t\t\t\t\t\t\t\t<div class=\"swiper-slide\">\n\t\t\t\t\t\t\t\t\t<div class=\"elementor-carousel-image\" style=\"background-image: url(https:\/\/thronhof.de\/wp-content\/uploads\/2022\/07\/Herbert-Vogel.jpeg)\">\n\n\t\t\t\n\t\t\t\t\t<\/div>\n\t\t\t\t\t\t\t\t<\/div>\n\t\t\t\t\t\t\t\t\t\t\t<div class=\"swiper-slide\">\n\t\t\t\t\t\t\t\t\t<div class=\"elementor-carousel-image\" style=\"background-image: url(https:\/\/thronhof.de\/wp-content\/uploads\/2022\/07\/60ziger.jpeg)\">\n\n\t\t\t\n\t\t\t\t\t<\/div>\n\t\t\t\t\t\t\t\t<\/div>\n\t\t\t\t\t\t\t\t\t\t\t<div class=\"swiper-slide\">\n\t\t\t\t\t\t\t\t\t<div class=\"elementor-carousel-image\" style=\"background-image: url(https:\/\/thronhof.de\/wp-content\/uploads\/2022\/07\/Dachstuhl.jpeg)\">\n\n\t\t\t\n\t\t\t\t\t<\/div>\n\t\t\t\t\t\t\t\t<\/div>\n\t\t\t\t\t\t\t\t\t\t\t<div class=\"swiper-slide\">\n\t\t\t\t\t\t\t\t\t<div class=\"elementor-carousel-image\" style=\"background-image: url(https:\/\/thronhof.de\/wp-content\/uploads\/2022\/07\/Herbert-Vogel-III.jpeg)\">\n\n\t\t\t\n\t\t\t\t\t<\/div>\n\t\t\t\t\t\t\t\t<\/div>\n\t\t\t\t\t\t\t\t\t\t\t<div class=\"swiper-slide\">\n\t\t\t\t\t\t\t\t\t<div class=\"elementor-carousel-image\" style=\"background-image: url(https:\/\/thronhof.de\/wp-content\/uploads\/2022\/07\/Herbert-Vogel-II.jpeg)\">\n\n\t\t\t\n\t\t\t\t\t<\/div>\n\t\t\t\t\t\t\t\t<\/div>\n\t\t\t\t\t\t\t\t\t<\/div>\n\t\t\t\t\t\t\t\t\t\t\t\t\t\t\t<div class=\"swiper-pagination\"><\/div>\n\t\t\t\t\t\t\t\t\t\t\t\t\t\t\t\t<div class=\"elementor-swiper-button elementor-swiper-button-prev\">\n\t\t\t\t\t\t\t<i aria-hidden=\"true\" class=\"eicon-chevron-left\"><\/i>\t\t\t\t\t\t\t<span class=\"elementor-screen-only\">Voriger<\/span>\n\t\t\t\t\t\t<\/div>\n\t\t\t\t\t\t<div class=\"elementor-swiper-button elementor-swiper-button-next\">\n\t\t\t\t\t\t\t<i aria-hidden=\"true\" class=\"eicon-chevron-right\"><\/i>\t\t\t\t\t\t\t<span class=\"elementor-screen-only\">N\u00e4chster<\/span>\n\t\t\t\t\t\t<\/div>\n\t\t\t\t\t\t\t\t\t\t\t\t<\/div>\n\t\t<\/div>\n\t\t\t\t\t\t<\/div>\n\t\t\t\t<\/div>\n\t\t\t\t\t<\/div>\n\t\t<\/div>\n\t\t\t\t\t<\/div>\n\t\t<\/section>\n\t\t\t\t<section class=\"elementor-section elementor-top-section elementor-element elementor-element-330c2a76 elementor-section-full_width elementor-reverse-mobile elementor-section-height-min-height elementor-section-items-stretch elementor-section-height-default\" data-id=\"330c2a76\" data-element_type=\"section\" data-e-type=\"section\">\n\t\t\t\t\t\t<div class=\"elementor-container elementor-column-gap-no\">\n\t\t\t\t\t<div class=\"elementor-column elementor-col-50 elementor-top-column elementor-element elementor-element-7ddbe813\" data-id=\"7ddbe813\" data-element_type=\"column\" data-e-type=\"column\" data-settings=\"{&quot;background_background&quot;:&quot;classic&quot;}\">\n\t\t\t<div class=\"elementor-widget-wrap elementor-element-populated\">\n\t\t\t\t\t\t<div class=\"elementor-element elementor-element-7b36fc32 elementor-widget elementor-widget-spacer\" data-id=\"7b36fc32\" data-element_type=\"widget\" data-e-type=\"widget\" data-widget_type=\"spacer.default\">\n\t\t\t\t<div class=\"elementor-widget-container\">\n\t\t\t\t\t\t\t<div class=\"elementor-spacer\">\n\t\t\t<div class=\"elementor-spacer-inner\"><\/div>\n\t\t<\/div>\n\t\t\t\t\t\t<\/div>\n\t\t\t\t<\/div>\n\t\t\t\t\t<\/div>\n\t\t<\/div>\n\t\t\t\t<div class=\"elementor-column elementor-col-50 elementor-top-column elementor-element elementor-element-67fa55fc\" data-id=\"67fa55fc\" data-element_type=\"column\" data-e-type=\"column\" data-settings=\"{&quot;background_background&quot;:&quot;classic&quot;}\">\n\t\t\t<div class=\"elementor-widget-wrap elementor-element-populated\">\n\t\t\t\t\t\t<div class=\"elementor-element elementor-element-78f6a9fe elementor-widget elementor-widget-spacer\" data-id=\"78f6a9fe\" data-element_type=\"widget\" data-e-type=\"widget\" data-widget_type=\"spacer.default\">\n\t\t\t\t<div class=\"elementor-widget-container\">\n\t\t\t\t\t\t\t<div class=\"elementor-spacer\">\n\t\t\t<div class=\"elementor-spacer-inner\"><\/div>\n\t\t<\/div>\n\t\t\t\t\t\t<\/div>\n\t\t\t\t<\/div>\n\t\t\t\t\t<\/div>\n\t\t<\/div>\n\t\t\t\t\t<\/div>\n\t\t<\/section>\n\t\t\t\t<section class=\"elementor-section elementor-top-section elementor-element elementor-element-600f115a elementor-section-height-min-height elementor-section-boxed elementor-section-height-default elementor-section-items-middle\" data-id=\"600f115a\" data-element_type=\"section\" data-e-type=\"section\" data-settings=\"{&quot;background_background&quot;:&quot;classic&quot;,&quot;background_motion_fx_motion_fx_scrolling&quot;:&quot;yes&quot;,&quot;background_motion_fx_devices&quot;:[&quot;desktop&quot;,&quot;tablet&quot;,&quot;mobile&quot;]}\">\n\t\t\t\t\t\t<div class=\"elementor-container elementor-column-gap-default\">\n\t\t\t\t\t<div class=\"elementor-column elementor-col-100 elementor-top-column elementor-element elementor-element-aa9901a\" data-id=\"aa9901a\" data-element_type=\"column\" data-e-type=\"column\">\n\t\t\t<div class=\"elementor-widget-wrap elementor-element-populated\">\n\t\t\t\t\t\t<div class=\"elementor-element elementor-element-718421a4 elementor-widget elementor-widget-heading\" data-id=\"718421a4\" data-element_type=\"widget\" data-e-type=\"widget\" data-widget_type=\"heading.default\">\n\t\t\t\t<div class=\"elementor-widget-container\">\n\t\t\t\t\t<h2 class=\"elementor-heading-title elementor-size-default\">Hofgeschichte <\/h2>\t\t\t\t<\/div>\n\t\t\t\t<\/div>\n\t\t\t\t<div class=\"elementor-element elementor-element-5e280b6c elementor-widget elementor-widget-text-editor\" data-id=\"5e280b6c\" data-element_type=\"widget\" data-e-type=\"widget\" data-widget_type=\"text-editor.default\">\n\t\t\t\t<div class=\"elementor-widget-container\">\n\t\t\t\t\t\t\t\t\t<ul><li><span style=\"text-decoration: underline;\"><strong>1962<\/strong> <\/span><br \/>Herbert Vogel \u00fcbernahm mit 16 Jahren den Hof von seinen Gro\u00dfeltern.<\/li><li><span style=\"text-decoration: underline;\"><strong>1970<\/strong><\/span> <br \/>Der Hof wurde auf Biologische Landwirtschaft umgestellt.<\/li><li><span style=\"text-decoration: underline;\"><strong>1988<\/strong><\/span> <br \/>Karl-Ludwig begann seine Ausbildung am Thron-Hof, um sp\u00e4ter mit seinem Bruder den familieneigenen Betrieb in Unterfranken zu f\u00fchren.<\/li><li><span style=\"text-decoration: underline;\"><strong>1991<\/strong><\/span><br \/>Karl-Ludwig entschied sich in Thron zu bleiben und diesen zur gegebenen Zeit zu \u00fcbernehmen.<\/li><li><span style=\"text-decoration: underline;\"><strong>1999<\/strong><\/span> <br \/>Rosi kam auf den Thronhof auf den Hof und blieb.<\/li><li><span style=\"text-decoration: underline;\"><strong>2008<\/strong><\/span><br \/>Der neue Stall wurde geplant.<\/li><li><span style=\"text-decoration: underline;\"><strong>2012<\/strong><\/span> <br \/>Der Bau des neuen Stalles startete.<p>Im Dezember desselben Jahres verstarb unerwartet Herbert Vogel, was auch zum Stillstand des Baues f\u00fchrte, da die Betriebs\u00fcbergabe geregelt werden musste.<\/p><\/li><li><strong><span style=\"text-decoration: underline;\">2014<\/span><\/strong> <br \/>Die K\u00fche konnten nach erfolgreichem Abschluss der Bauarbeiten in Ihren neuen Stall ziehen.<\/li><li><span style=\"text-decoration: underline;\"><strong>2016<\/strong><\/span><br \/>Patrick begann seine Ausbildung zum Landwirt auf dem Thronhof.<br \/><br \/><\/li><\/ul><p>Heute k\u00fcmmert sich die\u00a0 Familie Keidel, Rosi &amp; Karl-Ludwig, sowie der Sohn Jakob um den Betrieb, unterst\u00fctzt von Patrick, der 2016 dort seine begann.<br \/>In Spitzenzeiten packt auch die weitere Verwandtschaft mit an. Nicht zuletzt auch dieser famili\u00e4re Zusammenhalt gibt uns immer wieder Motivation und Antrieb, besonders in Zeiten, die viel Aufwand und Energie fordern.<\/p>\t\t\t\t\t\t\t\t<\/div>\n\t\t\t\t<\/div>\n\t\t\t\t\t<\/div>\n\t\t<\/div>\n\t\t\t\t\t<\/div>\n\t\t<\/section>\n\t\t\t\t<section class=\"elementor-section elementor-top-section elementor-element elementor-element-1539dca elementor-section-boxed elementor-section-height-default elementor-section-height-default\" data-id=\"1539dca\" data-element_type=\"section\" data-e-type=\"section\">\n\t\t\t\t\t\t<div class=\"elementor-container elementor-column-gap-default\">\n\t\t\t\t\t<div class=\"elementor-column elementor-col-100 elementor-top-column elementor-element elementor-element-930a8af\" data-id=\"930a8af\" data-element_type=\"column\" data-e-type=\"column\">\n\t\t\t<div class=\"elementor-widget-wrap elementor-element-populated\">\n\t\t\t\t\t\t<div class=\"elementor-element elementor-element-b24a240 elementor-widget elementor-widget-spacer\" data-id=\"b24a240\" data-element_type=\"widget\" data-e-type=\"widget\" data-widget_type=\"spacer.default\">\n\t\t\t\t<div class=\"elementor-widget-container\">\n\t\t\t\t\t\t\t<div class=\"elementor-spacer\">\n\t\t\t<div class=\"elementor-spacer-inner\"><\/div>\n\t\t<\/div>\n\t\t\t\t\t\t<\/div>\n\t\t\t\t<\/div>\n\t\t\t\t\t<\/div>\n\t\t<\/div>\n\t\t\t\t\t<\/div>\n\t\t<\/section>\n\t\t\t\t<section class=\"elementor-section elementor-top-section elementor-element elementor-element-26f412e2 elementor-section-full_width elementor-section-height-min-height elementor-section-items-stretch elementor-section-height-default\" data-id=\"26f412e2\" data-element_type=\"section\" data-e-type=\"section\">\n\t\t\t\t\t\t<div class=\"elementor-container elementor-column-gap-no\">\n\t\t\t\t\t<div class=\"elementor-column elementor-col-100 elementor-top-column elementor-element elementor-element-137544d\" data-id=\"137544d\" data-element_type=\"column\" data-e-type=\"column\" data-settings=\"{&quot;background_background&quot;:&quot;classic&quot;}\">\n\t\t\t<div class=\"elementor-widget-wrap\">\n\t\t\t\t\t\t\t<\/div>\n\t\t<\/div>\n\t\t\t\t\t<\/div>\n\t\t<\/section>\n\t\t\t\t<\/div>\n\t\t","protected":false},"excerpt":{"rendered":"<p>Der Thronhof Unsere Geschichte und Philosophie Pioniere Ende der 60ziger\/ Anfang der 70ziger Jahre des letzten Jahrhunderts, war es noch ungew\u00f6hnlich auf \u00d6kolandbau zu setzten, zumal erst ab den 60zigern Jahren Minerald\u00fcnger und Pflanzenschutzmittel aufkamen und daher als Hilfsmittel f\u00fcr die moderne Landwirtschaft galten. Biolandwirtschaft war damals etwas f\u00fcr Pioniere, denn es gab weder Empfehlungen, [&hellip;]<\/p>\n","protected":false},"author":1,"featured_media":0,"parent":0,"menu_order":0,"comment_status":"closed","ping_status":"closed","template":"elementor_header_footer","meta":{"footnotes":""},"class_list":["post-110","page","type-page","status-publish","hentry"],"yoast_head":"<!-- This site is optimized with the Yoast SEO plugin v27.5 - https:\/\/yoast.com\/product\/yoast-seo-wordpress\/ -->\n<title>Geschichte &amp; Philosophie - Biolandwirtschaft Thronhof<\/title>\n<meta name=\"robots\" content=\"index, follow, max-snippet:-1, max-image-preview:large, max-video-preview:-1\" \/>\n<link rel=\"canonical\" href=\"https:\/\/thronhof.de\/home\/philosophie\/\" \/>\n<meta property=\"og:locale\" content=\"de_DE\" \/>\n<meta property=\"og:type\" content=\"article\" \/>\n<meta property=\"og:title\" content=\"Geschichte &amp; Philosophie - Biolandwirtschaft Thronhof\" \/>\n<meta property=\"og:description\" content=\"Der Thronhof Unsere Geschichte und Philosophie Pioniere Ende der 60ziger\/ Anfang der 70ziger Jahre des letzten Jahrhunderts, war es noch ungew\u00f6hnlich auf \u00d6kolandbau zu setzten, zumal erst ab den 60zigern Jahren Minerald\u00fcnger und Pflanzenschutzmittel aufkamen und daher als Hilfsmittel f\u00fcr die moderne Landwirtschaft galten. Biolandwirtschaft war damals etwas f\u00fcr Pioniere, denn es gab weder Empfehlungen, [&hellip;]\" \/>\n<meta property=\"og:url\" content=\"https:\/\/thronhof.de\/home\/philosophie\/\" \/>\n<meta property=\"og:site_name\" content=\"Biolandwirtschaft Thronhof\" \/>\n<meta property=\"article:modified_time\" content=\"2022-07-07T09:01:58+00:00\" \/>\n<meta name=\"twitter:card\" content=\"summary_large_image\" \/>\n<meta name=\"twitter:label1\" content=\"Gesch\u00e4tzte Lesezeit\" \/>\n\t<meta name=\"twitter:data1\" content=\"2\u00a0Minuten\" \/>\n<script type=\"application\/ld+json\" class=\"yoast-schema-graph\">{\"@context\":\"https:\\\/\\\/schema.org\",\"@graph\":[{\"@type\":\"WebPage\",\"@id\":\"https:\\\/\\\/thronhof.de\\\/home\\\/philosophie\\\/\",\"url\":\"https:\\\/\\\/thronhof.de\\\/home\\\/philosophie\\\/\",\"name\":\"Geschichte & Philosophie - Biolandwirtschaft Thronhof\",\"isPartOf\":{\"@id\":\"https:\\\/\\\/thronhof.de\\\/home\\\/#website\"},\"datePublished\":\"2022-06-15T09:53:54+00:00\",\"dateModified\":\"2022-07-07T09:01:58+00:00\",\"breadcrumb\":{\"@id\":\"https:\\\/\\\/thronhof.de\\\/home\\\/philosophie\\\/#breadcrumb\"},\"inLanguage\":\"de\",\"potentialAction\":[{\"@type\":\"ReadAction\",\"target\":[\"https:\\\/\\\/thronhof.de\\\/home\\\/philosophie\\\/\"]}]},{\"@type\":\"BreadcrumbList\",\"@id\":\"https:\\\/\\\/thronhof.de\\\/home\\\/philosophie\\\/#breadcrumb\",\"itemListElement\":[{\"@type\":\"ListItem\",\"position\":1,\"name\":\"Startseite\",\"item\":\"https:\\\/\\\/thronhof.de\\\/home\\\/\"},{\"@type\":\"ListItem\",\"position\":2,\"name\":\"Geschichte &#038; Philosophie\"}]},{\"@type\":\"WebSite\",\"@id\":\"https:\\\/\\\/thronhof.de\\\/home\\\/#website\",\"url\":\"https:\\\/\\\/thronhof.de\\\/home\\\/\",\"name\":\"Biolandwirtschaft Thronhof\",\"description\":\"Bio und artgerecht aus \u00dcberzeugung\",\"publisher\":{\"@id\":\"https:\\\/\\\/thronhof.de\\\/home\\\/#organization\"},\"potentialAction\":[{\"@type\":\"SearchAction\",\"target\":{\"@type\":\"EntryPoint\",\"urlTemplate\":\"https:\\\/\\\/thronhof.de\\\/home\\\/?s={search_term_string}\"},\"query-input\":{\"@type\":\"PropertyValueSpecification\",\"valueRequired\":true,\"valueName\":\"search_term_string\"}}],\"inLanguage\":\"de\"},{\"@type\":\"Organization\",\"@id\":\"https:\\\/\\\/thronhof.de\\\/home\\\/#organization\",\"name\":\"Thronhof - Biolandwirtschaft\",\"url\":\"https:\\\/\\\/thronhof.de\\\/home\\\/\",\"logo\":{\"@type\":\"ImageObject\",\"inLanguage\":\"de\",\"@id\":\"https:\\\/\\\/thronhof.de\\\/home\\\/#\\\/schema\\\/logo\\\/image\\\/\",\"url\":\"http:\\\/\\\/thronhof.de\\\/wp-content\\\/uploads\\\/2022\\\/06\\\/cropped-logo-kontur.png\",\"contentUrl\":\"http:\\\/\\\/thronhof.de\\\/wp-content\\\/uploads\\\/2022\\\/06\\\/cropped-logo-kontur.png\",\"width\":463,\"height\":366,\"caption\":\"Thronhof - Biolandwirtschaft\"},\"image\":{\"@id\":\"https:\\\/\\\/thronhof.de\\\/home\\\/#\\\/schema\\\/logo\\\/image\\\/\"}}]}<\/script>\n<!-- \/ Yoast SEO plugin. -->","yoast_head_json":{"title":"Geschichte & Philosophie - Biolandwirtschaft Thronhof","robots":{"index":"index","follow":"follow","max-snippet":"max-snippet:-1","max-image-preview":"max-image-preview:large","max-video-preview":"max-video-preview:-1"},"canonical":"https:\/\/thronhof.de\/home\/philosophie\/","og_locale":"de_DE","og_type":"article","og_title":"Geschichte & Philosophie - Biolandwirtschaft Thronhof","og_description":"Der Thronhof Unsere Geschichte und Philosophie Pioniere Ende der 60ziger\/ Anfang der 70ziger Jahre des letzten Jahrhunderts, war es noch ungew\u00f6hnlich auf \u00d6kolandbau zu setzten, zumal erst ab den 60zigern Jahren Minerald\u00fcnger und Pflanzenschutzmittel aufkamen und daher als Hilfsmittel f\u00fcr die moderne Landwirtschaft galten. Biolandwirtschaft war damals etwas f\u00fcr Pioniere, denn es gab weder Empfehlungen, [&hellip;]","og_url":"https:\/\/thronhof.de\/home\/philosophie\/","og_site_name":"Biolandwirtschaft Thronhof","article_modified_time":"2022-07-07T09:01:58+00:00","twitter_card":"summary_large_image","twitter_misc":{"Gesch\u00e4tzte Lesezeit":"2\u00a0Minuten"},"schema":{"@context":"https:\/\/schema.org","@graph":[{"@type":"WebPage","@id":"https:\/\/thronhof.de\/home\/philosophie\/","url":"https:\/\/thronhof.de\/home\/philosophie\/","name":"Geschichte & Philosophie - Biolandwirtschaft Thronhof","isPartOf":{"@id":"https:\/\/thronhof.de\/home\/#website"},"datePublished":"2022-06-15T09:53:54+00:00","dateModified":"2022-07-07T09:01:58+00:00","breadcrumb":{"@id":"https:\/\/thronhof.de\/home\/philosophie\/#breadcrumb"},"inLanguage":"de","potentialAction":[{"@type":"ReadAction","target":["https:\/\/thronhof.de\/home\/philosophie\/"]}]},{"@type":"BreadcrumbList","@id":"https:\/\/thronhof.de\/home\/philosophie\/#breadcrumb","itemListElement":[{"@type":"ListItem","position":1,"name":"Startseite","item":"https:\/\/thronhof.de\/home\/"},{"@type":"ListItem","position":2,"name":"Geschichte &#038; Philosophie"}]},{"@type":"WebSite","@id":"https:\/\/thronhof.de\/home\/#website","url":"https:\/\/thronhof.de\/home\/","name":"Biolandwirtschaft Thronhof","description":"Bio und artgerecht aus \u00dcberzeugung","publisher":{"@id":"https:\/\/thronhof.de\/home\/#organization"},"potentialAction":[{"@type":"SearchAction","target":{"@type":"EntryPoint","urlTemplate":"https:\/\/thronhof.de\/home\/?s={search_term_string}"},"query-input":{"@type":"PropertyValueSpecification","valueRequired":true,"valueName":"search_term_string"}}],"inLanguage":"de"},{"@type":"Organization","@id":"https:\/\/thronhof.de\/home\/#organization","name":"Thronhof - Biolandwirtschaft","url":"https:\/\/thronhof.de\/home\/","logo":{"@type":"ImageObject","inLanguage":"de","@id":"https:\/\/thronhof.de\/home\/#\/schema\/logo\/image\/","url":"http:\/\/thronhof.de\/wp-content\/uploads\/2022\/06\/cropped-logo-kontur.png","contentUrl":"http:\/\/thronhof.de\/wp-content\/uploads\/2022\/06\/cropped-logo-kontur.png","width":463,"height":366,"caption":"Thronhof - Biolandwirtschaft"},"image":{"@id":"https:\/\/thronhof.de\/home\/#\/schema\/logo\/image\/"}}]}},"_links":{"self":[{"href":"https:\/\/thronhof.de\/home\/wp-json\/wp\/v2\/pages\/110","targetHints":{"allow":["GET"]}}],"collection":[{"href":"https:\/\/thronhof.de\/home\/wp-json\/wp\/v2\/pages"}],"about":[{"href":"https:\/\/thronhof.de\/home\/wp-json\/wp\/v2\/types\/page"}],"author":[{"embeddable":true,"href":"https:\/\/thronhof.de\/home\/wp-json\/wp\/v2\/users\/1"}],"replies":[{"embeddable":true,"href":"https:\/\/thronhof.de\/home\/wp-json\/wp\/v2\/comments?post=110"}],"version-history":[{"count":54,"href":"https:\/\/thronhof.de\/home\/wp-json\/wp\/v2\/pages\/110\/revisions"}],"predecessor-version":[{"id":914,"href":"https:\/\/thronhof.de\/home\/wp-json\/wp\/v2\/pages\/110\/revisions\/914"}],"wp:attachment":[{"href":"https:\/\/thronhof.de\/home\/wp-json\/wp\/v2\/media?parent=110"}],"curies":[{"name":"wp","href":"https:\/\/api.w.org\/{rel}","templated":true}]}}